{"id":7,"date":"2023-06-25T12:47:44","date_gmt":"2023-06-25T10:47:44","guid":{"rendered":"https:\/\/rolby.pl\/?page_id=7"},"modified":"2023-09-19T11:36:57","modified_gmt":"2023-09-19T09:36:57","slug":"strona-glowna","status":"publish","type":"page","link":"https:\/\/rolby.pl\/","title":{"rendered":"Strona g\u0142\u00f3wna"},"content":{"rendered":"\t\t<div class='wp-block-bsb-slider  align' id='bsbCarousel-faeb234d-c' data-attributes='{&quot;cId&quot;:&quot;faeb234d-c&quot;,&quot;sliders&quot;:[{&quot;img&quot;:{&quot;id&quot;:30,&quot;url&quot;:&quot;http:\\\/\\\/rolby.pl\\\/wp-content\\\/uploads\\\/2023\\\/06\\\/slider1.png&quot;,&quot;alt&quot;:&quot;&quot;,&quot;title&quot;:&quot;slider1&quot;},&quot;title&quot;:&quot;&quot;,&quot;desc&quot;:&quot;&quot;,&quot;btnLabel&quot;:&quot;&quot;,&quot;btnUrl&quot;:&quot;https:\\\/\\\/wordpress.org\\\/plugins\\\/b-slider\\\/&quot;,&quot;target&quot;:false},{&quot;img&quot;:{&quot;id&quot;:36,&quot;url&quot;:&quot;http:\\\/\\\/rolby.pl\\\/wp-content\\\/uploads\\\/2023\\\/06\\\/slider2.png&quot;,&quot;alt&quot;:&quot;&quot;,&quot;title&quot;:&quot;slider2&quot;},&quot;title&quot;:&quot;&quot;,&quot;desc&quot;:&quot;&quot;,&quot;btnLabel&quot;:&quot;&quot;,&quot;btnUrl&quot;:&quot;https:\\\/\\\/wordpress.org\\\/plugins\\\/b-slider\\\/&quot;,&quot;target&quot;:false},{&quot;img&quot;:{&quot;id&quot;:38,&quot;url&quot;:&quot;http:\\\/\\\/rolby.pl\\\/wp-content\\\/uploads\\\/2023\\\/06\\\/slider3.png&quot;,&quot;alt&quot;:&quot;&quot;,&quot;title&quot;:&quot;slider3&quot;},&quot;title&quot;:&quot;&quot;,&quot;desc&quot;:&quot;&quot;,&quot;btnLabel&quot;:&quot;&quot;,&quot;btnUrl&quot;:&quot;https:\\\/\\\/wordpress.org\\\/plugins\\\/b-slider\\\/&quot;,&quot;target&quot;:false}],&quot;arrow&quot;:{&quot;visibility&quot;:true,&quot;size&quot;:70,&quot;color&quot;:&quot;var(--nv-dark-bg)&quot;,&quot;bg&quot;:&quot;transparent&quot;},&quot;SliderOverly&quot;:&quot;rgba(0, 0, 0, 0)&quot;,&quot;options&quot;:{&quot;interval&quot;:4000,&quot;ride&quot;:true,&quot;pause&quot;:false,&quot;height&quot;:400},&quot;animation&quot;:&quot;carousel-fade&quot;,&quot;height&quot;:&quot;&quot;,&quot;align&quot;:&quot;&quot;,&quot;title&quot;:{&quot;tag&quot;:&quot;h5&quot;},&quot;titleAnimation&quot;:{&quot;effect&quot;:&quot;fadeInLeft&quot;,&quot;delay&quot;:0,&quot;duration&quot;:0.7},&quot;descAnimation&quot;:{&quot;effect&quot;:&quot;fadeInRight&quot;,&quot;delay&quot;:0.7,&quot;duration&quot;:0.7},&quot;btnAnimation&quot;:{&quot;effect&quot;:&quot;zoomIn&quot;,&quot;delay&quot;:1.4,&quot;duration&quot;:0.7},&quot;isMouseWheel&quot;:false,&quot;isArrowFollowSlide&quot;:false,&quot;isMouseDrag&quot;:false,&quot;slideInnerGap&quot;:&quot;180px&quot;,&quot;titleTypo&quot;:{&quot;fontSize&quot;:{&quot;desktop&quot;:25,&quot;tablet&quot;:20,&quot;mobile&quot;:15},&quot;fontWeight&quot;:700,&quot;lineHeight&quot;:&quot;135%&quot;},&quot;titleColor&quot;:&quot;#fff&quot;,&quot;titleMargin&quot;:{&quot;top&quot;:&quot;5px&quot;,&quot;right&quot;:&quot;0px&quot;,&quot;bottom&quot;:&quot;5px&quot;,&quot;left&quot;:&quot;0px&quot;},&quot;descTypo&quot;:{&quot;fontSize&quot;:{&quot;desktop&quot;:25,&quot;tablet&quot;:20,&quot;mobile&quot;:15},&quot;fontWeight&quot;:400,&quot;lineHeight&quot;:&quot;135%&quot;},&quot;descColor&quot;:&quot;#fff&quot;,&quot;descMargin&quot;:{&quot;top&quot;:&quot;5px&quot;,&quot;right&quot;:&quot;0px&quot;,&quot;bottom&quot;:&quot;5px&quot;,&quot;left&quot;:&quot;0px&quot;},&quot;btnTypo&quot;:{&quot;fontSize&quot;:{&quot;desktop&quot;:25,&quot;tablet&quot;:20,&quot;mobile&quot;:15},&quot;fontWeight&quot;:500,&quot;lineHeight&quot;:&quot;135%&quot;,&quot;textTransform&quot;:&quot;uppercase&quot;},&quot;btnColors&quot;:{&quot;color&quot;:&quot;#fff&quot;,&quot;bg&quot;:&quot;&quot;},&quot;btnHovColors&quot;:{&quot;color&quot;:&quot;#000&quot;,&quot;bg&quot;:&quot;#fff&quot;},&quot;btnPadding&quot;:{&quot;top&quot;:&quot;12px&quot;,&quot;right&quot;:&quot;25px&quot;,&quot;bottom&quot;:&quot;12px&quot;,&quot;left&quot;:&quot;25px&quot;},&quot;btnBorder&quot;:{&quot;color&quot;:&quot;#e1e1e1&quot;,&quot;style&quot;:&quot;solid&quot;,&quot;width&quot;:&quot;3px&quot;},&quot;btnRadius&quot;:&quot;0px&quot;,&quot;arrowWidth&quot;:&quot;50px&quot;,&quot;arrowHeight&quot;:&quot;50px&quot;,&quot;arrowRadius&quot;:{&quot;top&quot;:&quot;3px&quot;,&quot;bottom&quot;:&quot;3px&quot;,&quot;left&quot;:&quot;3px&quot;,&quot;right&quot;:&quot;3px&quot;},&quot;arrowStyle&quot;:&quot;style1&quot;,&quot;indicator&quot;:{&quot;visibility&quot;:true,&quot;type&quot;:&quot;default&quot;,&quot;style&quot;:&quot;&quot;,&quot;color&quot;:&quot;#000&quot;,&quot;activeColor&quot;:&quot;#fff&quot;,&quot;width&quot;:&quot;30px&quot;,&quot;height&quot;:&quot;3px&quot;,&quot;radius&quot;:&quot;0px&quot;,&quot;activeBorder&quot;:{&quot;color&quot;:&quot;#e1e1e1&quot;,&quot;style&quot;:&quot;solid&quot;,&quot;width&quot;:&quot;4px&quot;},&quot;moveFromEdge&quot;:&quot;-15px&quot;,&quot;position&quot;:&quot;bottom-center&quot;,&quot;direction&quot;:&quot;horizontal&quot;},&quot;direction&quot;:&quot;default&quot;,&quot;position&quot;:&quot;bottom center&quot;,&quot;sliderHeight&quot;:[],&quot;borderRadius&quot;:{&quot;top&quot;:&quot;3px&quot;,&quot;right&quot;:&quot;3px&quot;,&quot;bottom&quot;:&quot;3px&quot;,&quot;left&quot;:&quot;3px&quot;},&quot;margin&quot;:{&quot;top&quot;:&quot;0px&quot;,&quot;right&quot;:&quot;0px&quot;,&quot;bottom&quot;:&quot;0px&quot;,&quot;left&quot;:&quot;0px&quot;}}'><\/div>\r\n\r\n\t\t\n\n\n<div style=\"height:40px\" aria-hidden=\"true\" class=\"wp-block-spacer\"><\/div>\n\n\n\n<h4 class=\"wp-block-heading has-text-align-center\" style=\"font-style:normal;font-weight:400\">Witamy na naszej stronie internetowej!<br>Jeste\u015bmy firm\u0105 specjalizuj\u0105c\u0105 si\u0119 w profesjonalnej obs\u0142udze lodowisk, wynajmu maszyn, oferuj\u0105c\u0105 kompleksowe us\u0142ugi dla r\u00f3\u017cnorodnych obiekt\u00f3w lodowych. <\/h4>\n\n\n\n<h4 class=\"wp-block-heading has-text-align-center\" style=\"font-style:normal;font-weight:400\">Dzi\u0119ki naszemu do\u015bwiadczeniu kt\u00f3re zdobywamy od 2008 roku i pasji zapewnimy Pa\u0144stwu doskona\u0142\u0105 jako\u015b\u0107 obs\u0142ugi, gwarantuj\u0105c bezpieczne i niezapomniane do\u015bwiadczenie na lodzie.<\/h4>\n\n\n\n<div style=\"height:80px\" aria-hidden=\"true\" class=\"wp-block-spacer\"><\/div>\n\n\n\n<div class=\"wp-block-group alignfull is-vertical is-content-justification-center is-layout-flex wp-container-core-group-is-layout-4b2eccd6 wp-block-group-is-layout-flex\">\n<div class=\"wp-block-columns alignwide are-vertically-aligned-center has-text-align-center tw-gutter-large is-layout-flex wp-container-core-columns-is-layout-9d6595d7 wp-block-columns-is-layout-flex\">\n<div class=\"wp-block-column is-vertically-aligned-center is-layout-flow wp-block-column-is-layout-flow\"><div class=\"wp-block-image tw-mb-4 is-style-default\">\n<figure class=\"aligncenter size-full\"><img loading=\"lazy\" decoding=\"async\" width=\"205\" height=\"133\" src=\"https:\/\/rolby.pl\/wp-content\/uploads\/2023\/06\/derol1.png\" alt=\"\" class=\"wp-image-61\"\/><\/figure>\n<\/div>\n\n\n<p class=\"has-medium-font-size\"><strong>DEROL<\/strong><\/p>\n<\/div>\n\n\n\n<div class=\"wp-block-column is-vertically-aligned-center is-layout-flow wp-block-column-is-layout-flow\"><div class=\"wp-block-image tw-mb-4\">\n<figure class=\"aligncenter size-full\"><img loading=\"lazy\" decoding=\"async\" width=\"152\" height=\"133\" src=\"https:\/\/rolby.pl\/wp-content\/uploads\/2023\/06\/ZAMBONI.png\" alt=\"\" class=\"wp-image-64\"\/><\/figure>\n<\/div>\n\n\n<p class=\"has-medium-font-size\"><strong>ZAMBONI<\/strong><\/p>\n<\/div>\n\n\n\n<div class=\"wp-block-column is-vertically-aligned-center is-layout-flow wp-block-column-is-layout-flow\"><div class=\"wp-block-image tw-mb-4\">\n<figure class=\"aligncenter size-full is-resized\"><img loading=\"lazy\" decoding=\"async\" src=\"https:\/\/rolby.pl\/wp-content\/uploads\/2023\/06\/olympia.png\" alt=\"\" class=\"wp-image-65\" style=\"width:147px;height:114px\" width=\"147\" height=\"114\"\/><\/figure>\n<\/div>\n\n\n<p class=\"has-medium-font-size\"><strong>Olympia<\/strong><\/p>\n<\/div>\n<\/div>\n\n\n\n<div class=\"wp-block-columns alignwide has-text-align-center tw-gutter-large is-layout-flex wp-container-core-columns-is-layout-9d6595d7 wp-block-columns-is-layout-flex\">\n<div class=\"wp-block-column is-layout-flow wp-block-column-is-layout-flow\"><div class=\"wp-block-image tw-mb-4\">\n<figure class=\"aligncenter size-full is-resized\"><img loading=\"lazy\" decoding=\"async\" src=\"https:\/\/rolby.pl\/wp-content\/uploads\/2023\/06\/cherington-1.png\" alt=\"\" class=\"wp-image-78\" style=\"width:212px;height:149px\" width=\"212\" height=\"149\" srcset=\"https:\/\/rolby.pl\/wp-content\/uploads\/2023\/06\/cherington-1.png 302w, https:\/\/rolby.pl\/wp-content\/uploads\/2023\/06\/cherington-1-300x211.png 300w\" sizes=\"auto, (max-width: 212px) 100vw, 212px\" \/><\/figure>\n<\/div>\n\n\n<p class=\"has-medium-font-size\"><strong>Cherrington<\/strong><br>Beach Cleaner<\/p>\n<\/div>\n\n\n\n<div class=\"wp-block-column is-layout-flow wp-block-column-is-layout-flow\"><div class=\"wp-block-image tw-mb-4\">\n<figure class=\"aligncenter size-full is-resized\"><img loading=\"lazy\" decoding=\"async\" src=\"https:\/\/rolby.pl\/wp-content\/uploads\/2023\/06\/krawedziarka.png\" alt=\"\" class=\"wp-image-70\" style=\"width:117px;height:151px\" width=\"117\" height=\"151\" srcset=\"https:\/\/rolby.pl\/wp-content\/uploads\/2023\/06\/krawedziarka.png 338w, https:\/\/rolby.pl\/wp-content\/uploads\/2023\/06\/krawedziarka-234x300.png 234w\" sizes=\"auto, (max-width: 117px) 100vw, 117px\" \/><\/figure>\n<\/div>\n\n\n<p class=\"has-medium-font-size\"><strong>ZAMBONI<br><\/strong>Kraw\u0119dziarka<\/p>\n<\/div>\n\n\n\n<div class=\"wp-block-column is-layout-flow wp-block-column-is-layout-flow\"><div class=\"wp-block-image tw-mb-4\">\n<figure class=\"aligncenter size-full is-resized\"><img loading=\"lazy\" decoding=\"async\" src=\"https:\/\/rolby.pl\/wp-content\/uploads\/2023\/06\/bech_tech-1.png\" alt=\"\" class=\"wp-image-83\" style=\"width:266px;height:147px\" width=\"266\" height=\"147\"\/><\/figure>\n<\/div>\n\n\n<p class=\"has-medium-font-size\"><strong>BeachTech<\/strong><br>beach cleaner<\/p>\n<\/div>\n<\/div>\n<\/div>\n","protected":false},"excerpt":{"rendered":"<p>Witamy na naszej stronie internetowej!Jeste\u015bmy firm\u0105 specjalizuj\u0105c\u0105 si\u0119 w profesjonalnej obs\u0142udze lodowisk, wynajmu maszyn, oferuj\u0105c\u0105 kompleksowe us\u0142ugi dla r\u00f3\u017cnorodnych obiekt\u00f3w lodowych. Dzi\u0119ki naszemu do\u015bwiadczeniu kt\u00f3re zdobywamy od 2008 roku i pasji zapewnimy Pa\u0144stwu doskona\u0142\u0105 jako\u015b\u0107 obs\u0142ugi, gwarantuj\u0105c bezpieczne i niezapomniane do\u015bwiadczenie na lodzie. DEROL ZAMBONI Olympia CherringtonBeach Cleaner ZAMBONIKraw\u0119dziarka BeachTechbeach cleaner<\/p>\n","protected":false},"author":1,"featured_media":0,"parent":0,"menu_order":0,"comment_status":"closed","ping_status":"closed","template":"","meta":{"neve_meta_sidebar":"","neve_meta_container":"","neve_meta_enable_content_width":"on","neve_meta_content_width":100,"neve_meta_title_alignment":"","neve_meta_author_avatar":"","neve_post_elements_order":"","neve_meta_disable_header":"","neve_meta_disable_footer":"","neve_meta_disable_title":"on","footnotes":""},"class_list":["post-7","page","type-page","status-publish","hentry"],"yoast_head":"<!-- This site is optimized with the Yoast SEO plugin v21.2 - https:\/\/yoast.com\/wordpress\/plugins\/seo\/ -->\n<title>Strona g\u0142\u00f3wna - Rolby.pl<\/title>\n<meta name=\"robots\" content=\"index, follow, max-snippet:-1, max-image-preview:large, max-video-preview:-1\" \/>\n<link rel=\"canonical\" href=\"https:\/\/rolby.pl\/\" \/>\n<meta property=\"og:locale\" content=\"en_US\" \/>\n<meta property=\"og:type\" content=\"article\" \/>\n<meta property=\"og:title\" content=\"Strona g\u0142\u00f3wna - Rolby.pl\" \/>\n<meta property=\"og:description\" content=\"Witamy na naszej stronie internetowej!Jeste\u015bmy firm\u0105 specjalizuj\u0105c\u0105 si\u0119 w profesjonalnej obs\u0142udze lodowisk, wynajmu maszyn, oferuj\u0105c\u0105 kompleksowe us\u0142ugi dla r\u00f3\u017cnorodnych obiekt\u00f3w lodowych. Dzi\u0119ki naszemu do\u015bwiadczeniu kt\u00f3re zdobywamy od 2008 roku i pasji zapewnimy Pa\u0144stwu doskona\u0142\u0105 jako\u015b\u0107 obs\u0142ugi, gwarantuj\u0105c bezpieczne i niezapomniane do\u015bwiadczenie na lodzie. DEROL ZAMBONI Olympia CherringtonBeach Cleaner ZAMBONIKraw\u0119dziarka BeachTechbeach cleaner\" \/>\n<meta property=\"og:url\" content=\"https:\/\/rolby.pl\/\" \/>\n<meta property=\"og:site_name\" content=\"Rolby.pl\" \/>\n<meta property=\"article:modified_time\" content=\"2023-09-19T09:36:57+00:00\" \/>\n<meta property=\"og:image\" content=\"https:\/\/rolby.pl\/wp-content\/uploads\/2023\/06\/derol1.png\" \/>\n<meta name=\"twitter:card\" content=\"summary_large_image\" \/>\n<meta name=\"twitter:label1\" content=\"Est. reading time\" \/>\n\t<meta name=\"twitter:data1\" content=\"2 minutes\" \/>\n<script type=\"application\/ld+json\" class=\"yoast-schema-graph\">{\"@context\":\"https:\/\/schema.org\",\"@graph\":[{\"@type\":\"WebPage\",\"@id\":\"https:\/\/rolby.pl\/\",\"url\":\"https:\/\/rolby.pl\/\",\"name\":\"Strona g\u0142\u00f3wna - Rolby.pl\",\"isPartOf\":{\"@id\":\"https:\/\/rolby.pl\/#website\"},\"datePublished\":\"2023-06-25T10:47:44+00:00\",\"dateModified\":\"2023-09-19T09:36:57+00:00\",\"breadcrumb\":{\"@id\":\"https:\/\/rolby.pl\/#breadcrumb\"},\"inLanguage\":\"en-US\",\"potentialAction\":[{\"@type\":\"ReadAction\",\"target\":[\"https:\/\/rolby.pl\/\"]}]},{\"@type\":\"BreadcrumbList\",\"@id\":\"https:\/\/rolby.pl\/#breadcrumb\",\"itemListElement\":[{\"@type\":\"ListItem\",\"position\":1,\"name\":\"Strona g\u0142\u00f3wna\",\"item\":\"https:\/\/rolby.pl\/\"},{\"@type\":\"ListItem\",\"position\":2,\"name\":\"Strona g\u0142\u00f3wna\"}]},{\"@type\":\"WebSite\",\"@id\":\"https:\/\/rolby.pl\/#website\",\"url\":\"https:\/\/rolby.pl\/\",\"name\":\"Rolby.pl\",\"description\":\"Profesjonalna obs\u0142uga lodowisk\",\"publisher\":{\"@id\":\"https:\/\/rolby.pl\/#organization\"},\"potentialAction\":[{\"@type\":\"SearchAction\",\"target\":{\"@type\":\"EntryPoint\",\"urlTemplate\":\"https:\/\/rolby.pl\/?s={search_term_string}\"},\"query-input\":\"required name=search_term_string\"}],\"inLanguage\":\"en-US\"},{\"@type\":\"Organization\",\"@id\":\"https:\/\/rolby.pl\/#organization\",\"name\":\"Rolby.pl\",\"url\":\"https:\/\/rolby.pl\/\",\"logo\":{\"@type\":\"ImageObject\",\"inLanguage\":\"en-US\",\"@id\":\"https:\/\/rolby.pl\/#\/schema\/logo\/image\/\",\"url\":\"https:\/\/rolby.pl\/wp-content\/uploads\/2023\/06\/rolby-logo_podpis.png\",\"contentUrl\":\"https:\/\/rolby.pl\/wp-content\/uploads\/2023\/06\/rolby-logo_podpis.png\",\"width\":250,\"height\":156,\"caption\":\"Rolby.pl\"},\"image\":{\"@id\":\"https:\/\/rolby.pl\/#\/schema\/logo\/image\/\"}}]}<\/script>\n<!-- \/ Yoast SEO plugin. -->","yoast_head_json":{"title":"Strona g\u0142\u00f3wna - Rolby.pl","robots":{"index":"index","follow":"follow","max-snippet":"max-snippet:-1","max-image-preview":"max-image-preview:large","max-video-preview":"max-video-preview:-1"},"canonical":"https:\/\/rolby.pl\/","og_locale":"en_US","og_type":"article","og_title":"Strona g\u0142\u00f3wna - Rolby.pl","og_description":"Witamy na naszej stronie internetowej!Jeste\u015bmy firm\u0105 specjalizuj\u0105c\u0105 si\u0119 w profesjonalnej obs\u0142udze lodowisk, wynajmu maszyn, oferuj\u0105c\u0105 kompleksowe us\u0142ugi dla r\u00f3\u017cnorodnych obiekt\u00f3w lodowych. Dzi\u0119ki naszemu do\u015bwiadczeniu kt\u00f3re zdobywamy od 2008 roku i pasji zapewnimy Pa\u0144stwu doskona\u0142\u0105 jako\u015b\u0107 obs\u0142ugi, gwarantuj\u0105c bezpieczne i niezapomniane do\u015bwiadczenie na lodzie. DEROL ZAMBONI Olympia CherringtonBeach Cleaner ZAMBONIKraw\u0119dziarka BeachTechbeach cleaner","og_url":"https:\/\/rolby.pl\/","og_site_name":"Rolby.pl","article_modified_time":"2023-09-19T09:36:57+00:00","og_image":[{"url":"https:\/\/rolby.pl\/wp-content\/uploads\/2023\/06\/derol1.png"}],"twitter_card":"summary_large_image","twitter_misc":{"Est. reading time":"2 minutes"},"schema":{"@context":"https:\/\/schema.org","@graph":[{"@type":"WebPage","@id":"https:\/\/rolby.pl\/","url":"https:\/\/rolby.pl\/","name":"Strona g\u0142\u00f3wna - Rolby.pl","isPartOf":{"@id":"https:\/\/rolby.pl\/#website"},"datePublished":"2023-06-25T10:47:44+00:00","dateModified":"2023-09-19T09:36:57+00:00","breadcrumb":{"@id":"https:\/\/rolby.pl\/#breadcrumb"},"inLanguage":"en-US","potentialAction":[{"@type":"ReadAction","target":["https:\/\/rolby.pl\/"]}]},{"@type":"BreadcrumbList","@id":"https:\/\/rolby.pl\/#breadcrumb","itemListElement":[{"@type":"ListItem","position":1,"name":"Strona g\u0142\u00f3wna","item":"https:\/\/rolby.pl\/"},{"@type":"ListItem","position":2,"name":"Strona g\u0142\u00f3wna"}]},{"@type":"WebSite","@id":"https:\/\/rolby.pl\/#website","url":"https:\/\/rolby.pl\/","name":"Rolby.pl","description":"Profesjonalna obs\u0142uga lodowisk","publisher":{"@id":"https:\/\/rolby.pl\/#organization"},"potentialAction":[{"@type":"SearchAction","target":{"@type":"EntryPoint","urlTemplate":"https:\/\/rolby.pl\/?s={search_term_string}"},"query-input":"required name=search_term_string"}],"inLanguage":"en-US"},{"@type":"Organization","@id":"https:\/\/rolby.pl\/#organization","name":"Rolby.pl","url":"https:\/\/rolby.pl\/","logo":{"@type":"ImageObject","inLanguage":"en-US","@id":"https:\/\/rolby.pl\/#\/schema\/logo\/image\/","url":"https:\/\/rolby.pl\/wp-content\/uploads\/2023\/06\/rolby-logo_podpis.png","contentUrl":"https:\/\/rolby.pl\/wp-content\/uploads\/2023\/06\/rolby-logo_podpis.png","width":250,"height":156,"caption":"Rolby.pl"},"image":{"@id":"https:\/\/rolby.pl\/#\/schema\/logo\/image\/"}}]}},"_links":{"self":[{"href":"https:\/\/rolby.pl\/index.php?rest_route=\/wp\/v2\/pages\/7","targetHints":{"allow":["GET"]}}],"collection":[{"href":"https:\/\/rolby.pl\/index.php?rest_route=\/wp\/v2\/pages"}],"about":[{"href":"https:\/\/rolby.pl\/index.php?rest_route=\/wp\/v2\/types\/page"}],"author":[{"embeddable":true,"href":"https:\/\/rolby.pl\/index.php?rest_route=\/wp\/v2\/users\/1"}],"replies":[{"embeddable":true,"href":"https:\/\/rolby.pl\/index.php?rest_route=%2Fwp%2Fv2%2Fcomments&post=7"}],"version-history":[{"count":37,"href":"https:\/\/rolby.pl\/index.php?rest_route=\/wp\/v2\/pages\/7\/revisions"}],"predecessor-version":[{"id":423,"href":"https:\/\/rolby.pl\/index.php?rest_route=\/wp\/v2\/pages\/7\/revisions\/423"}],"wp:attachment":[{"href":"https:\/\/rolby.pl\/index.php?rest_route=%2Fwp%2Fv2%2Fmedia&parent=7"}],"curies":[{"name":"wp","href":"https:\/\/api.w.org\/{rel}","templated":true}]}}