{"id":125,"date":"2023-06-26T09:34:40","date_gmt":"2023-06-26T07:34:40","guid":{"rendered":"https:\/\/rolby.pl\/?page_id=125"},"modified":"2023-09-19T11:58:36","modified_gmt":"2023-09-19T09:58:36","slug":"rolby-sprzedaz","status":"publish","type":"page","link":"https:\/\/rolby.pl\/?page_id=125","title":{"rendered":"ROLBY SPRZEDA\u017b"},"content":{"rendered":"\n<div class=\"wp-block-group alignfull\"><div class=\"wp-block-group__inner-container is-layout-flow wp-block-group-is-layout-flow\">\n<div class=\"wp-block-media-text alignwide has-media-on-the-right is-stacked-on-mobile tw-stack-md\"><div class=\"wp-block-media-text__content\">\n<p class=\"has-medium-font-size\">Aktualnie posiadamy na sprzeda\u017c maszyny Zamboni, Olympia oraz Ice Cat o nap\u0119dzie elektrycznym, gazowym jak i spalinowym<\/p>\n\n\n\n<p>Maszyny s\u0105 u\u017cywane prosimy o kontakt w sprawie sporz\u0105dzenia ewentualnej oferty 0048 693 47 12 49<\/p>\n<\/div><figure class=\"wp-block-media-text__media\"><img loading=\"lazy\" decoding=\"async\" width=\"1024\" height=\"768\" src=\"https:\/\/rolby.pl\/wp-content\/uploads\/2023\/09\/aukcja3-1024x768.jpg\" alt=\"\" class=\"wp-image-444 size-full\" srcset=\"https:\/\/rolby.pl\/wp-content\/uploads\/2023\/09\/aukcja3-1024x768.jpg 1024w, https:\/\/rolby.pl\/wp-content\/uploads\/2023\/09\/aukcja3-300x225.jpg 300w, https:\/\/rolby.pl\/wp-content\/uploads\/2023\/09\/aukcja3-768x576.jpg 768w, https:\/\/rolby.pl\/wp-content\/uploads\/2023\/09\/aukcja3-1536x1152.jpg 1536w, https:\/\/rolby.pl\/wp-content\/uploads\/2023\/09\/aukcja3-2048x1536.jpg 2048w\" sizes=\"auto, (max-width: 1024px) 100vw, 1024px\" \/><\/figure><\/div>\n<\/div><\/div>\n\n\n\n<div style=\"height:100px\" aria-hidden=\"true\" class=\"wp-block-spacer\"><\/div>\n","protected":false},"excerpt":{"rendered":"<p>Aktualnie posiadamy na sprzeda\u017c maszyny Zamboni, Olympia oraz Ice Cat o nap\u0119dzie elektrycznym, gazowym jak i spalinowym Maszyny s\u0105 u\u017cywane prosimy o kontakt w sprawie sporz\u0105dzenia ewentualnej oferty 0048 693 47 12 49<\/p>\n","protected":false},"author":1,"featured_media":0,"parent":0,"menu_order":0,"comment_status":"closed","ping_status":"closed","template":"","meta":{"neve_meta_sidebar":"full-width","neve_meta_container":"","neve_meta_enable_content_width":"","neve_meta_content_width":0,"neve_meta_title_alignment":"center","neve_meta_author_avatar":"","neve_post_elements_order":"","neve_meta_disable_header":"","neve_meta_disable_footer":"","neve_meta_disable_title":"","footnotes":""},"class_list":["post-125","page","type-page","status-publish","hentry"],"yoast_head":"<!-- This site is optimized with the Yoast SEO plugin v21.2 - https:\/\/yoast.com\/wordpress\/plugins\/seo\/ -->\n<title>ROLBY SPRZEDA\u017b - Rolby.pl<\/title>\n<meta name=\"robots\" content=\"index, follow, max-snippet:-1, max-image-preview:large, max-video-preview:-1\" \/>\n<link rel=\"canonical\" href=\"https:\/\/rolby.pl\/?page_id=125\" \/>\n<meta property=\"og:locale\" content=\"en_US\" \/>\n<meta property=\"og:type\" content=\"article\" \/>\n<meta property=\"og:title\" content=\"ROLBY SPRZEDA\u017b - Rolby.pl\" \/>\n<meta property=\"og:description\" content=\"Aktualnie posiadamy na sprzeda\u017c maszyny Zamboni, Olympia oraz Ice Cat o nap\u0119dzie elektrycznym, gazowym jak i spalinowym Maszyny s\u0105 u\u017cywane prosimy o kontakt w sprawie sporz\u0105dzenia ewentualnej oferty 0048 693 47 12 49\" \/>\n<meta property=\"og:url\" content=\"https:\/\/rolby.pl\/?page_id=125\" \/>\n<meta property=\"og:site_name\" content=\"Rolby.pl\" \/>\n<meta property=\"article:modified_time\" content=\"2023-09-19T09:58:36+00:00\" \/>\n<meta property=\"og:image\" content=\"https:\/\/rolby.pl\/wp-content\/uploads\/2023\/09\/aukcja3-1024x768.jpg\" \/>\n<meta name=\"twitter:card\" content=\"summary_large_image\" \/>\n<meta name=\"twitter:label1\" content=\"Est. reading time\" \/>\n\t<meta name=\"twitter:data1\" content=\"1 minute\" \/>\n<script type=\"application\/ld+json\" class=\"yoast-schema-graph\">{\"@context\":\"https:\/\/schema.org\",\"@graph\":[{\"@type\":\"WebPage\",\"@id\":\"https:\/\/rolby.pl\/?page_id=125\",\"url\":\"https:\/\/rolby.pl\/?page_id=125\",\"name\":\"ROLBY SPRZEDA\u017b - Rolby.pl\",\"isPartOf\":{\"@id\":\"https:\/\/rolby.pl\/#website\"},\"datePublished\":\"2023-06-26T07:34:40+00:00\",\"dateModified\":\"2023-09-19T09:58:36+00:00\",\"breadcrumb\":{\"@id\":\"https:\/\/rolby.pl\/?page_id=125#breadcrumb\"},\"inLanguage\":\"en-US\",\"potentialAction\":[{\"@type\":\"ReadAction\",\"target\":[\"https:\/\/rolby.pl\/?page_id=125\"]}]},{\"@type\":\"BreadcrumbList\",\"@id\":\"https:\/\/rolby.pl\/?page_id=125#breadcrumb\",\"itemListElement\":[{\"@type\":\"ListItem\",\"position\":1,\"name\":\"Strona g\u0142\u00f3wna\",\"item\":\"https:\/\/rolby.pl\/\"},{\"@type\":\"ListItem\",\"position\":2,\"name\":\"ROLBY SPRZEDA\u017b\"}]},{\"@type\":\"WebSite\",\"@id\":\"https:\/\/rolby.pl\/#website\",\"url\":\"https:\/\/rolby.pl\/\",\"name\":\"Rolby.pl\",\"description\":\"Profesjonalna obs\u0142uga lodowisk\",\"publisher\":{\"@id\":\"https:\/\/rolby.pl\/#organization\"},\"potentialAction\":[{\"@type\":\"SearchAction\",\"target\":{\"@type\":\"EntryPoint\",\"urlTemplate\":\"https:\/\/rolby.pl\/?s={search_term_string}\"},\"query-input\":\"required name=search_term_string\"}],\"inLanguage\":\"en-US\"},{\"@type\":\"Organization\",\"@id\":\"https:\/\/rolby.pl\/#organization\",\"name\":\"Rolby.pl\",\"url\":\"https:\/\/rolby.pl\/\",\"logo\":{\"@type\":\"ImageObject\",\"inLanguage\":\"en-US\",\"@id\":\"https:\/\/rolby.pl\/#\/schema\/logo\/image\/\",\"url\":\"https:\/\/rolby.pl\/wp-content\/uploads\/2023\/06\/rolby-logo_podpis.png\",\"contentUrl\":\"https:\/\/rolby.pl\/wp-content\/uploads\/2023\/06\/rolby-logo_podpis.png\",\"width\":250,\"height\":156,\"caption\":\"Rolby.pl\"},\"image\":{\"@id\":\"https:\/\/rolby.pl\/#\/schema\/logo\/image\/\"}}]}<\/script>\n<!-- \/ Yoast SEO plugin. -->","yoast_head_json":{"title":"ROLBY SPRZEDA\u017b - Rolby.pl","robots":{"index":"index","follow":"follow","max-snippet":"max-snippet:-1","max-image-preview":"max-image-preview:large","max-video-preview":"max-video-preview:-1"},"canonical":"https:\/\/rolby.pl\/?page_id=125","og_locale":"en_US","og_type":"article","og_title":"ROLBY SPRZEDA\u017b - Rolby.pl","og_description":"Aktualnie posiadamy na sprzeda\u017c maszyny Zamboni, Olympia oraz Ice Cat o nap\u0119dzie elektrycznym, gazowym jak i spalinowym Maszyny s\u0105 u\u017cywane prosimy o kontakt w sprawie sporz\u0105dzenia ewentualnej oferty 0048 693 47 12 49","og_url":"https:\/\/rolby.pl\/?page_id=125","og_site_name":"Rolby.pl","article_modified_time":"2023-09-19T09:58:36+00:00","og_image":[{"url":"https:\/\/rolby.pl\/wp-content\/uploads\/2023\/09\/aukcja3-1024x768.jpg"}],"twitter_card":"summary_large_image","twitter_misc":{"Est. reading time":"1 minute"},"schema":{"@context":"https:\/\/schema.org","@graph":[{"@type":"WebPage","@id":"https:\/\/rolby.pl\/?page_id=125","url":"https:\/\/rolby.pl\/?page_id=125","name":"ROLBY SPRZEDA\u017b - Rolby.pl","isPartOf":{"@id":"https:\/\/rolby.pl\/#website"},"datePublished":"2023-06-26T07:34:40+00:00","dateModified":"2023-09-19T09:58:36+00:00","breadcrumb":{"@id":"https:\/\/rolby.pl\/?page_id=125#breadcrumb"},"inLanguage":"en-US","potentialAction":[{"@type":"ReadAction","target":["https:\/\/rolby.pl\/?page_id=125"]}]},{"@type":"BreadcrumbList","@id":"https:\/\/rolby.pl\/?page_id=125#breadcrumb","itemListElement":[{"@type":"ListItem","position":1,"name":"Strona g\u0142\u00f3wna","item":"https:\/\/rolby.pl\/"},{"@type":"ListItem","position":2,"name":"ROLBY SPRZEDA\u017b"}]},{"@type":"WebSite","@id":"https:\/\/rolby.pl\/#website","url":"https:\/\/rolby.pl\/","name":"Rolby.pl","description":"Profesjonalna obs\u0142uga lodowisk","publisher":{"@id":"https:\/\/rolby.pl\/#organization"},"potentialAction":[{"@type":"SearchAction","target":{"@type":"EntryPoint","urlTemplate":"https:\/\/rolby.pl\/?s={search_term_string}"},"query-input":"required name=search_term_string"}],"inLanguage":"en-US"},{"@type":"Organization","@id":"https:\/\/rolby.pl\/#organization","name":"Rolby.pl","url":"https:\/\/rolby.pl\/","logo":{"@type":"ImageObject","inLanguage":"en-US","@id":"https:\/\/rolby.pl\/#\/schema\/logo\/image\/","url":"https:\/\/rolby.pl\/wp-content\/uploads\/2023\/06\/rolby-logo_podpis.png","contentUrl":"https:\/\/rolby.pl\/wp-content\/uploads\/2023\/06\/rolby-logo_podpis.png","width":250,"height":156,"caption":"Rolby.pl"},"image":{"@id":"https:\/\/rolby.pl\/#\/schema\/logo\/image\/"}}]}},"_links":{"self":[{"href":"https:\/\/rolby.pl\/index.php?rest_route=\/wp\/v2\/pages\/125","targetHints":{"allow":["GET"]}}],"collection":[{"href":"https:\/\/rolby.pl\/index.php?rest_route=\/wp\/v2\/pages"}],"about":[{"href":"https:\/\/rolby.pl\/index.php?rest_route=\/wp\/v2\/types\/page"}],"author":[{"embeddable":true,"href":"https:\/\/rolby.pl\/index.php?rest_route=\/wp\/v2\/users\/1"}],"replies":[{"embeddable":true,"href":"https:\/\/rolby.pl\/index.php?rest_route=%2Fwp%2Fv2%2Fcomments&post=125"}],"version-history":[{"count":3,"href":"https:\/\/rolby.pl\/index.php?rest_route=\/wp\/v2\/pages\/125\/revisions"}],"predecessor-version":[{"id":445,"href":"https:\/\/rolby.pl\/index.php?rest_route=\/wp\/v2\/pages\/125\/revisions\/445"}],"wp:attachment":[{"href":"https:\/\/rolby.pl\/index.php?rest_route=%2Fwp%2Fv2%2Fmedia&parent=125"}],"curies":[{"name":"wp","href":"https:\/\/api.w.org\/{rel}","templated":true}]}}